{"id":1174,"date":"2020-06-15T12:01:13","date_gmt":"2020-06-15T12:01:13","guid":{"rendered":"https:\/\/new.camarerosfalsos.com\/serveis\/cambrers-infiltrats\/"},"modified":"2025-06-04T03:33:18","modified_gmt":"2025-06-04T03:33:18","slug":"cambrers-infiltrats","status":"publish","type":"page","link":"https:\/\/new.camarerosfalsos.com\/ca\/serveis\/cambrers-infiltrats\/","title":{"rendered":"Cambrers Infiltrats"},"content":{"rendered":"\t\t<div data-elementor-type=\"wp-page\" data-elementor-id=\"1174\" class=\"elementor elementor-1174 elementor-782\" data-elementor-post-type=\"page\">\n\t\t\t\t\t\t<section class=\"elementor-section elementor-top-section elementor-element elementor-element-99adac4 elementor-section-boxed elementor-section-height-default elementor-section-height-default\" data-id=\"99adac4\" data-element_type=\"section\" data-settings=\"{&quot;jet_parallax_layout_list&quot;:[{&quot;jet_parallax_layout_image&quot;:{&quot;url&quot;:&quot;&quot;,&quot;id&quot;:&quot;&quot;,&quot;size&quot;:&quot;&quot;},&quot;_id&quot;:&quot;b37472e&quot;,&quot;jet_parallax_layout_image_tablet&quot;:{&quot;url&quot;:&quot;&quot;,&quot;id&quot;:&quot;&quot;,&quot;size&quot;:&quot;&quot;},&quot;jet_parallax_layout_image_mobile&quot;:{&quot;url&quot;:&quot;&quot;,&quot;id&quot;:&quot;&quot;,&quot;size&quot;:&quot;&quot;},&quot;jet_parallax_layout_speed&quot;:{&quot;unit&quot;:&quot;%&quot;,&quot;size&quot;:50,&quot;sizes&quot;:[]},&quot;jet_parallax_layout_type&quot;:&quot;scroll&quot;,&quot;jet_parallax_layout_direction&quot;:null,&quot;jet_parallax_layout_fx_direction&quot;:null,&quot;jet_parallax_layout_z_index&quot;:&quot;&quot;,&quot;jet_parallax_layout_bg_x&quot;:50,&quot;jet_parallax_layout_bg_x_tablet&quot;:&quot;&quot;,&quot;jet_parallax_layout_bg_x_mobile&quot;:&quot;&quot;,&quot;jet_parallax_layout_bg_y&quot;:50,&quot;jet_parallax_layout_bg_y_tablet&quot;:&quot;&quot;,&quot;jet_parallax_layout_bg_y_mobile&quot;:&quot;&quot;,&quot;jet_parallax_layout_bg_size&quot;:&quot;auto&quot;,&quot;jet_parallax_layout_bg_size_tablet&quot;:&quot;&quot;,&quot;jet_parallax_layout_bg_size_mobile&quot;:&quot;&quot;,&quot;jet_parallax_layout_animation_prop&quot;:&quot;transform&quot;,&quot;jet_parallax_layout_on&quot;:[&quot;desktop&quot;,&quot;tablet&quot;]}]}\">\n\t\t\t\t\t\t<div class=\"elementor-container elementor-column-gap-default\">\n\t\t\t\t\t<div class=\"elementor-column elementor-col-100 elementor-top-column elementor-element elementor-element-d26d01f\" data-id=\"d26d01f\" data-element_type=\"column\">\n\t\t\t<div class=\"elementor-widget-wrap elementor-element-populated\">\n\t\t\t\t\t\t<div class=\"elementor-element elementor-element-645bda0 elementor-widget elementor-widget-heading\" data-id=\"645bda0\" data-element_type=\"widget\" data-widget_type=\"heading.default\">\n\t\t\t\t<div class=\"elementor-widget-container\">\n\t\t\t\t\t<h1 class=\"elementor-heading-title elementor-size-default\">Cambrers Infiltrats\n<\/h1>\t\t\t\t<\/div>\n\t\t\t\t<\/div>\n\t\t\t\t\t<\/div>\n\t\t<\/div>\n\t\t\t\t\t<\/div>\n\t\t<\/section>\n\t\t\t\t<section class=\"elementor-section elementor-top-section elementor-element elementor-element-f05b901 elementor-section-boxed elementor-section-height-default elementor-section-height-default\" data-id=\"f05b901\" data-element_type=\"section\" data-settings=\"{&quot;jet_parallax_layout_list&quot;:[]}\">\n\t\t\t\t\t\t<div class=\"elementor-container elementor-column-gap-default\">\n\t\t\t\t\t<div class=\"elementor-column elementor-col-50 elementor-top-column elementor-element elementor-element-7a82f0b\" data-id=\"7a82f0b\" data-element_type=\"column\">\n\t\t\t<div class=\"elementor-widget-wrap elementor-element-populated\">\n\t\t\t\t\t\t<div class=\"elementor-element elementor-element-1b4bc59 elementor-widget elementor-widget-image\" data-id=\"1b4bc59\" data-element_type=\"widget\" data-widget_type=\"image.default\">\n\t\t\t\t<div class=\"elementor-widget-container\">\n\t\t\t\t\t\t\t\t\t\t\t\t\t\t\t<img fetchpriority=\"high\" decoding=\"async\" width=\"1024\" height=\"683\" src=\"https:\/\/new.camarerosfalsos.com\/wp-content\/uploads\/2025\/04\/Depositphotos_22874202_XL-1024x683.jpg\" class=\"attachment-large size-large wp-image-937\" alt=\"\" srcset=\"https:\/\/new.camarerosfalsos.com\/wp-content\/uploads\/2025\/04\/Depositphotos_22874202_XL-1024x683.jpg 1024w, https:\/\/new.camarerosfalsos.com\/wp-content\/uploads\/2025\/04\/Depositphotos_22874202_XL-300x200.jpg 300w, https:\/\/new.camarerosfalsos.com\/wp-content\/uploads\/2025\/04\/Depositphotos_22874202_XL-768x512.jpg 768w, https:\/\/new.camarerosfalsos.com\/wp-content\/uploads\/2025\/04\/Depositphotos_22874202_XL-1536x1024.jpg 1536w, https:\/\/new.camarerosfalsos.com\/wp-content\/uploads\/2025\/04\/Depositphotos_22874202_XL-600x400.jpg 600w, https:\/\/new.camarerosfalsos.com\/wp-content\/uploads\/2025\/04\/Depositphotos_22874202_XL.jpg 1920w\" sizes=\"(max-width: 1024px) 100vw, 1024px\" \/>\t\t\t\t\t\t\t\t\t\t\t\t\t\t\t<\/div>\n\t\t\t\t<\/div>\n\t\t\t\t\t<\/div>\n\t\t<\/div>\n\t\t\t\t<div class=\"elementor-column elementor-col-50 elementor-top-column elementor-element elementor-element-9d2018a\" data-id=\"9d2018a\" data-element_type=\"column\" data-settings=\"{&quot;background_background&quot;:&quot;classic&quot;}\">\n\t\t\t<div class=\"elementor-widget-wrap elementor-element-populated\">\n\t\t\t\t\t\t<div class=\"elementor-element elementor-element-5acee4d elementor-widget__width-initial elementor-widget elementor-widget-text-editor\" data-id=\"5acee4d\" data-element_type=\"widget\" data-widget_type=\"text-editor.default\">\n\t\t\t\t<div class=\"elementor-widget-container\">\n\t\t\t\t\t\t\t\t\t<p><span class=\"fontstyle0\">Experts en cambrers infiltrats a Barcelona o cambrers falsos per a esdeveniments.<\/span><\/p><p><strong>Doneu una nota d&#8217;humor en les vostres celebracions!<\/strong><\/p><p>Som experts actors professionals per treballar a: Noces, aniversaris, presentacions de producte, festes de barri, reunions familiars, sopars o\/i dinars d&#8217;empresa, fires (en estands) o comiats de solter\/a. Li garantim distracci\u00f3 professional i diversi\u00f3 mentre gaudeix del sopar o dinar, en cap cas ser\u00e0 alg\u00fa del grup objecte de burles, bromes molestes o taques. Cambrers Falsos, va n\u00e9ixer l \u201cany 1998 a Granollers (Barcelona) de la m\u00e0 de l\u201d ag\u00e8ncia especialitzada en espectacles, \u201cMillors\u00ae esdeveniments a la carta\u201d <span class=\"fontstyle2\">ara anomenada Punt Festa<\/span><span class=\"fontstyle0\">, quan un grup d&#8217;actors professionals de l&#8217;escena Barcelonesa va optar per formar part d&#8217;una forma divertida, amena i alegre en un casament civil. De mica en mica aquest projecte es va convertir en espectacle, es va professionalitzar com un servei m\u00e9s per a esdeveniments.<\/span><\/p><p><span class=\"fontstyle0\">Expliqueu-nos la vostra idea i us donarem forma per convertir el vostre esdeveniment en un esdeveniment irrepetible!<\/span><\/p>\t\t\t\t\t\t\t\t<\/div>\n\t\t\t\t<\/div>\n\t\t\t\t\t<\/div>\n\t\t<\/div>\n\t\t\t\t\t<\/div>\n\t\t<\/section>\n\t\t\t\t<\/div>\n\t\t","protected":false},"excerpt":{"rendered":"<p>Cambrers Infiltrats Experts en cambrers infiltrats a Barcelona o cambrers falsos per a esdeveniments. Doneu una nota d&#8217;humor en les vostres celebracions! Som experts actors professionals per treballar a: Noces, aniversaris, presentacions de producte, festes de barri, reunions familiars, sopars o\/i dinars d&#8217;empresa, fires (en estands) o comiats de solter\/a. Li garantim distracci\u00f3 professional i [&hellip;]<\/p>\n","protected":false},"author":1,"featured_media":0,"parent":1168,"menu_order":0,"comment_status":"closed","ping_status":"closed","template":"elementor_header_footer","meta":{"_joinchat":[],"footnotes":""},"class_list":["post-1174","page","type-page","status-publish","hentry"],"_links":{"self":[{"href":"https:\/\/new.camarerosfalsos.com\/ca\/wp-json\/wp\/v2\/pages\/1174","targetHints":{"allow":["GET"]}}],"collection":[{"href":"https:\/\/new.camarerosfalsos.com\/ca\/wp-json\/wp\/v2\/pages"}],"about":[{"href":"https:\/\/new.camarerosfalsos.com\/ca\/wp-json\/wp\/v2\/types\/page"}],"author":[{"embeddable":true,"href":"https:\/\/new.camarerosfalsos.com\/ca\/wp-json\/wp\/v2\/users\/1"}],"replies":[{"embeddable":true,"href":"https:\/\/new.camarerosfalsos.com\/ca\/wp-json\/wp\/v2\/comments?post=1174"}],"version-history":[{"count":2,"href":"https:\/\/new.camarerosfalsos.com\/ca\/wp-json\/wp\/v2\/pages\/1174\/revisions"}],"predecessor-version":[{"id":1189,"href":"https:\/\/new.camarerosfalsos.com\/ca\/wp-json\/wp\/v2\/pages\/1174\/revisions\/1189"}],"up":[{"embeddable":true,"href":"https:\/\/new.camarerosfalsos.com\/ca\/wp-json\/wp\/v2\/pages\/1168"}],"wp:attachment":[{"href":"https:\/\/new.camarerosfalsos.com\/ca\/wp-json\/wp\/v2\/media?parent=1174"}],"curies":[{"name":"wp","href":"https:\/\/api.w.org\/{rel}","templated":true}]}}