{"id":1173,"date":"2020-06-12T14:26:58","date_gmt":"2020-06-12T14:26:58","guid":{"rendered":"https:\/\/new.camarerosfalsos.com\/serveis\/noces\/"},"modified":"2025-06-04T03:34:45","modified_gmt":"2025-06-04T03:34:45","slug":"noces","status":"publish","type":"page","link":"https:\/\/new.camarerosfalsos.com\/ca\/serveis\/noces\/","title":{"rendered":"Noces"},"content":{"rendered":"\t\t<div data-elementor-type=\"wp-page\" data-elementor-id=\"1173\" class=\"elementor elementor-1173 elementor-712\" data-elementor-post-type=\"page\">\n\t\t\t\t\t\t<section class=\"elementor-section elementor-top-section elementor-element elementor-element-99adac4 elementor-section-boxed elementor-section-height-default elementor-section-height-default\" data-id=\"99adac4\" data-element_type=\"section\" data-settings=\"{&quot;jet_parallax_layout_list&quot;:[{&quot;jet_parallax_layout_image&quot;:{&quot;url&quot;:&quot;&quot;,&quot;id&quot;:&quot;&quot;,&quot;size&quot;:&quot;&quot;},&quot;_id&quot;:&quot;b37472e&quot;,&quot;jet_parallax_layout_image_tablet&quot;:{&quot;url&quot;:&quot;&quot;,&quot;id&quot;:&quot;&quot;,&quot;size&quot;:&quot;&quot;},&quot;jet_parallax_layout_image_mobile&quot;:{&quot;url&quot;:&quot;&quot;,&quot;id&quot;:&quot;&quot;,&quot;size&quot;:&quot;&quot;},&quot;jet_parallax_layout_speed&quot;:{&quot;unit&quot;:&quot;%&quot;,&quot;size&quot;:50,&quot;sizes&quot;:[]},&quot;jet_parallax_layout_type&quot;:&quot;scroll&quot;,&quot;jet_parallax_layout_direction&quot;:null,&quot;jet_parallax_layout_fx_direction&quot;:null,&quot;jet_parallax_layout_z_index&quot;:&quot;&quot;,&quot;jet_parallax_layout_bg_x&quot;:50,&quot;jet_parallax_layout_bg_x_tablet&quot;:&quot;&quot;,&quot;jet_parallax_layout_bg_x_mobile&quot;:&quot;&quot;,&quot;jet_parallax_layout_bg_y&quot;:50,&quot;jet_parallax_layout_bg_y_tablet&quot;:&quot;&quot;,&quot;jet_parallax_layout_bg_y_mobile&quot;:&quot;&quot;,&quot;jet_parallax_layout_bg_size&quot;:&quot;auto&quot;,&quot;jet_parallax_layout_bg_size_tablet&quot;:&quot;&quot;,&quot;jet_parallax_layout_bg_size_mobile&quot;:&quot;&quot;,&quot;jet_parallax_layout_animation_prop&quot;:&quot;transform&quot;,&quot;jet_parallax_layout_on&quot;:[&quot;desktop&quot;,&quot;tablet&quot;]}]}\">\n\t\t\t\t\t\t<div class=\"elementor-container elementor-column-gap-default\">\n\t\t\t\t\t<div class=\"elementor-column elementor-col-100 elementor-top-column elementor-element elementor-element-d26d01f\" data-id=\"d26d01f\" data-element_type=\"column\">\n\t\t\t<div class=\"elementor-widget-wrap elementor-element-populated\">\n\t\t\t\t\t\t<div class=\"elementor-element elementor-element-645bda0 elementor-widget elementor-widget-heading\" data-id=\"645bda0\" data-element_type=\"widget\" data-widget_type=\"heading.default\">\n\t\t\t\t<div class=\"elementor-widget-container\">\n\t\t\t\t\t<h1 class=\"elementor-heading-title elementor-size-default\">Noces<\/h1>\t\t\t\t<\/div>\n\t\t\t\t<\/div>\n\t\t\t\t\t<\/div>\n\t\t<\/div>\n\t\t\t\t\t<\/div>\n\t\t<\/section>\n\t\t\t\t<section class=\"elementor-section elementor-top-section elementor-element elementor-element-6281971 elementor-section-boxed elementor-section-height-default elementor-section-height-default\" data-id=\"6281971\" data-element_type=\"section\" data-settings=\"{&quot;jet_parallax_layout_list&quot;:[{&quot;jet_parallax_layout_image&quot;:{&quot;url&quot;:&quot;&quot;,&quot;id&quot;:&quot;&quot;,&quot;size&quot;:&quot;&quot;},&quot;_id&quot;:&quot;57ea5b3&quot;,&quot;jet_parallax_layout_image_tablet&quot;:{&quot;url&quot;:&quot;&quot;,&quot;id&quot;:&quot;&quot;,&quot;size&quot;:&quot;&quot;},&quot;jet_parallax_layout_image_mobile&quot;:{&quot;url&quot;:&quot;&quot;,&quot;id&quot;:&quot;&quot;,&quot;size&quot;:&quot;&quot;},&quot;jet_parallax_layout_speed&quot;:{&quot;unit&quot;:&quot;%&quot;,&quot;size&quot;:50,&quot;sizes&quot;:[]},&quot;jet_parallax_layout_type&quot;:&quot;scroll&quot;,&quot;jet_parallax_layout_direction&quot;:null,&quot;jet_parallax_layout_fx_direction&quot;:null,&quot;jet_parallax_layout_z_index&quot;:&quot;&quot;,&quot;jet_parallax_layout_bg_x&quot;:50,&quot;jet_parallax_layout_bg_x_tablet&quot;:&quot;&quot;,&quot;jet_parallax_layout_bg_x_mobile&quot;:&quot;&quot;,&quot;jet_parallax_layout_bg_y&quot;:50,&quot;jet_parallax_layout_bg_y_tablet&quot;:&quot;&quot;,&quot;jet_parallax_layout_bg_y_mobile&quot;:&quot;&quot;,&quot;jet_parallax_layout_bg_size&quot;:&quot;auto&quot;,&quot;jet_parallax_layout_bg_size_tablet&quot;:&quot;&quot;,&quot;jet_parallax_layout_bg_size_mobile&quot;:&quot;&quot;,&quot;jet_parallax_layout_animation_prop&quot;:&quot;transform&quot;,&quot;jet_parallax_layout_on&quot;:[&quot;desktop&quot;,&quot;tablet&quot;]}]}\">\n\t\t\t\t\t\t<div class=\"elementor-container elementor-column-gap-default\">\n\t\t\t\t\t<div class=\"elementor-column elementor-col-50 elementor-top-column elementor-element elementor-element-ae6c2d3\" data-id=\"ae6c2d3\" data-element_type=\"column\">\n\t\t\t<div class=\"elementor-widget-wrap elementor-element-populated\">\n\t\t\t\t\t\t<div class=\"elementor-element elementor-element-f915028 elementor-widget elementor-widget-image\" data-id=\"f915028\" data-element_type=\"widget\" data-widget_type=\"image.default\">\n\t\t\t\t<div class=\"elementor-widget-container\">\n\t\t\t\t\t\t\t\t\t\t\t\t\t\t\t<img fetchpriority=\"high\" decoding=\"async\" width=\"767\" height=\"1024\" src=\"https:\/\/new.camarerosfalsos.com\/wp-content\/uploads\/2025\/04\/BODA-SANTI-767x1024.jpg\" class=\"attachment-large size-large wp-image-1111\" alt=\"\" srcset=\"https:\/\/new.camarerosfalsos.com\/wp-content\/uploads\/2025\/04\/BODA-SANTI-767x1024.jpg 767w, https:\/\/new.camarerosfalsos.com\/wp-content\/uploads\/2025\/04\/BODA-SANTI-225x300.jpg 225w, https:\/\/new.camarerosfalsos.com\/wp-content\/uploads\/2025\/04\/BODA-SANTI-768x1026.jpg 768w, https:\/\/new.camarerosfalsos.com\/wp-content\/uploads\/2025\/04\/BODA-SANTI-1150x1536.jpg 1150w, https:\/\/new.camarerosfalsos.com\/wp-content\/uploads\/2025\/04\/BODA-SANTI-600x801.jpg 600w, https:\/\/new.camarerosfalsos.com\/wp-content\/uploads\/2025\/04\/BODA-SANTI.jpg 1198w\" sizes=\"(max-width: 767px) 100vw, 767px\" \/>\t\t\t\t\t\t\t\t\t\t\t\t\t\t\t<\/div>\n\t\t\t\t<\/div>\n\t\t\t\t\t<\/div>\n\t\t<\/div>\n\t\t\t\t<div class=\"elementor-column elementor-col-50 elementor-top-column elementor-element elementor-element-3cf4a96\" data-id=\"3cf4a96\" data-element_type=\"column\">\n\t\t\t<div class=\"elementor-widget-wrap elementor-element-populated\">\n\t\t\t\t\t\t<div class=\"elementor-element elementor-element-ff86dfd elementor-widget elementor-widget-text-editor\" data-id=\"ff86dfd\" data-element_type=\"widget\" data-widget_type=\"text-editor.default\">\n\t\t\t\t<div class=\"elementor-widget-container\">\n\t\t\t\t\t\t\t\t\t<p><span class=\"fontstyle0\">Mestre de cerim\u00f2nies per a casaments civils o Mestre de cerim\u00f2nies per a esdeveniments, presentador. La nostra ess\u00e8ncia, la web Camareros Falsos va n\u00e9ixer l \u201cany 1998 a Granollers (Barcelona) de la m\u00e0 de l\u201d ag\u00e8ncia especialitzada en espectacles \u201cMillors, esdeveniments a la carta \u00ae\u201d ara Punt Festa, quan un grup d \u201cactors professionals de l\u201d escena barcelonina va participar en l \u201canimaci\u00f3 d\u201d un casament civil.<\/span><\/p><p><span class=\"fontstyle0\"><br>Amb l&#8217;\u00e8xit d&#8217;aquest projecte, l&#8217;espectacle es va professionalitzar i es va incloure com un servei m\u00e9s per a esdeveniments, i aix\u00ed va poder infiltrar actors professionals en la celebraci\u00f3. A m\u00e9s de poder infiltrar cambrers falsos al casament, tamb\u00e9 disposem d \u201cactors professionals que poden exercir el treball de mestre de cerim\u00f2nies d\u201d un casament civil.<\/span><\/p><p><span class=\"fontstyle0\"><br>Aquest mestre de cerim\u00f2nies pot ser a la carta, podem fer un paper concret (a desig del client) o adequar-nos al paper formal d&#8217;un casament civil legal. En tots els casos realitzem una reuni\u00f3 despr\u00e9s de la reserva amb els futurs nuvis on expliquem clarament els protocols i detalls perqu\u00e8 tot estigui l \u201cal\u00e7ada d\u201d un esdeveniment tan important. Els nostres mestres de cerim\u00f2nies s\u00f3n actors professionals per a tot tipus d\u00b4esdeveniments, a m\u00e9s de treballar en infinitat de restaurants amb casaments civils, disposen d\u00b4anys d\u00b4experi\u00e8ncia en esdeveniments oficiant de mestre de cerim\u00f2nies per a fires, presentacions o festes<\/span><\/p>\t\t\t\t\t\t\t\t<\/div>\n\t\t\t\t<\/div>\n\t\t\t\t\t<\/div>\n\t\t<\/div>\n\t\t\t\t\t<\/div>\n\t\t<\/section>\n\t\t\t\t<\/div>\n\t\t","protected":false},"excerpt":{"rendered":"<p>Noces Mestre de cerim\u00f2nies per a casaments civils o Mestre de cerim\u00f2nies per a esdeveniments, presentador. La nostra ess\u00e8ncia, la web Camareros Falsos va n\u00e9ixer l \u201cany 1998 a Granollers (Barcelona) de la m\u00e0 de l\u201d ag\u00e8ncia especialitzada en espectacles \u201cMillors, esdeveniments a la carta \u00ae\u201d ara Punt Festa, quan un grup d \u201cactors professionals [&hellip;]<\/p>\n","protected":false},"author":1,"featured_media":0,"parent":1168,"menu_order":0,"comment_status":"closed","ping_status":"closed","template":"elementor_header_footer","meta":{"_joinchat":[],"footnotes":""},"class_list":["post-1173","page","type-page","status-publish","hentry"],"_links":{"self":[{"href":"https:\/\/new.camarerosfalsos.com\/ca\/wp-json\/wp\/v2\/pages\/1173","targetHints":{"allow":["GET"]}}],"collection":[{"href":"https:\/\/new.camarerosfalsos.com\/ca\/wp-json\/wp\/v2\/pages"}],"about":[{"href":"https:\/\/new.camarerosfalsos.com\/ca\/wp-json\/wp\/v2\/types\/page"}],"author":[{"embeddable":true,"href":"https:\/\/new.camarerosfalsos.com\/ca\/wp-json\/wp\/v2\/users\/1"}],"replies":[{"embeddable":true,"href":"https:\/\/new.camarerosfalsos.com\/ca\/wp-json\/wp\/v2\/comments?post=1173"}],"version-history":[{"count":2,"href":"https:\/\/new.camarerosfalsos.com\/ca\/wp-json\/wp\/v2\/pages\/1173\/revisions"}],"predecessor-version":[{"id":1197,"href":"https:\/\/new.camarerosfalsos.com\/ca\/wp-json\/wp\/v2\/pages\/1173\/revisions\/1197"}],"up":[{"embeddable":true,"href":"https:\/\/new.camarerosfalsos.com\/ca\/wp-json\/wp\/v2\/pages\/1168"}],"wp:attachment":[{"href":"https:\/\/new.camarerosfalsos.com\/ca\/wp-json\/wp\/v2\/media?parent=1173"}],"curies":[{"name":"wp","href":"https:\/\/api.w.org\/{rel}","templated":true}]}}