{"id":1167,"date":"2020-06-15T11:56:36","date_gmt":"2020-06-15T11:56:36","guid":{"rendered":"https:\/\/new.camarerosfalsos.com\/comiats\/"},"modified":"2025-06-04T03:34:45","modified_gmt":"2025-06-04T03:34:45","slug":"comiats","status":"publish","type":"page","link":"https:\/\/new.camarerosfalsos.com\/ca\/serveis\/comiats\/","title":{"rendered":"Comiats"},"content":{"rendered":"\t\t<div data-elementor-type=\"wp-page\" data-elementor-id=\"1167\" class=\"elementor elementor-1167 elementor-791\" data-elementor-post-type=\"page\">\n\t\t\t\t\t\t<section class=\"elementor-section elementor-top-section elementor-element elementor-element-99adac4 elementor-section-boxed elementor-section-height-default elementor-section-height-default\" data-id=\"99adac4\" data-element_type=\"section\" data-settings=\"{&quot;jet_parallax_layout_list&quot;:[{&quot;jet_parallax_layout_image&quot;:{&quot;url&quot;:&quot;&quot;,&quot;id&quot;:&quot;&quot;,&quot;size&quot;:&quot;&quot;},&quot;_id&quot;:&quot;b37472e&quot;,&quot;jet_parallax_layout_image_tablet&quot;:{&quot;url&quot;:&quot;&quot;,&quot;id&quot;:&quot;&quot;,&quot;size&quot;:&quot;&quot;},&quot;jet_parallax_layout_image_mobile&quot;:{&quot;url&quot;:&quot;&quot;,&quot;id&quot;:&quot;&quot;,&quot;size&quot;:&quot;&quot;},&quot;jet_parallax_layout_speed&quot;:{&quot;unit&quot;:&quot;%&quot;,&quot;size&quot;:50,&quot;sizes&quot;:[]},&quot;jet_parallax_layout_type&quot;:&quot;scroll&quot;,&quot;jet_parallax_layout_direction&quot;:null,&quot;jet_parallax_layout_fx_direction&quot;:null,&quot;jet_parallax_layout_z_index&quot;:&quot;&quot;,&quot;jet_parallax_layout_bg_x&quot;:50,&quot;jet_parallax_layout_bg_x_tablet&quot;:&quot;&quot;,&quot;jet_parallax_layout_bg_x_mobile&quot;:&quot;&quot;,&quot;jet_parallax_layout_bg_y&quot;:50,&quot;jet_parallax_layout_bg_y_tablet&quot;:&quot;&quot;,&quot;jet_parallax_layout_bg_y_mobile&quot;:&quot;&quot;,&quot;jet_parallax_layout_bg_size&quot;:&quot;auto&quot;,&quot;jet_parallax_layout_bg_size_tablet&quot;:&quot;&quot;,&quot;jet_parallax_layout_bg_size_mobile&quot;:&quot;&quot;,&quot;jet_parallax_layout_animation_prop&quot;:&quot;transform&quot;,&quot;jet_parallax_layout_on&quot;:[&quot;desktop&quot;,&quot;tablet&quot;]}]}\">\n\t\t\t\t\t\t<div class=\"elementor-container elementor-column-gap-default\">\n\t\t\t\t\t<div class=\"elementor-column elementor-col-100 elementor-top-column elementor-element elementor-element-d26d01f\" data-id=\"d26d01f\" data-element_type=\"column\">\n\t\t\t<div class=\"elementor-widget-wrap elementor-element-populated\">\n\t\t\t\t\t\t<div class=\"elementor-element elementor-element-645bda0 elementor-widget elementor-widget-heading\" data-id=\"645bda0\" data-element_type=\"widget\" data-widget_type=\"heading.default\">\n\t\t\t\t<div class=\"elementor-widget-container\">\n\t\t\t\t\t<h1 class=\"elementor-heading-title elementor-size-default\">Comiats<\/h1>\t\t\t\t<\/div>\n\t\t\t\t<\/div>\n\t\t\t\t\t<\/div>\n\t\t<\/div>\n\t\t\t\t\t<\/div>\n\t\t<\/section>\n\t\t\t\t<section class=\"elementor-section elementor-top-section elementor-element elementor-element-6281971 elementor-section-boxed elementor-section-height-default elementor-section-height-default\" data-id=\"6281971\" data-element_type=\"section\" data-settings=\"{&quot;jet_parallax_layout_list&quot;:[{&quot;jet_parallax_layout_image&quot;:{&quot;url&quot;:&quot;&quot;,&quot;id&quot;:&quot;&quot;,&quot;size&quot;:&quot;&quot;},&quot;_id&quot;:&quot;57ea5b3&quot;,&quot;jet_parallax_layout_image_tablet&quot;:{&quot;url&quot;:&quot;&quot;,&quot;id&quot;:&quot;&quot;,&quot;size&quot;:&quot;&quot;},&quot;jet_parallax_layout_image_mobile&quot;:{&quot;url&quot;:&quot;&quot;,&quot;id&quot;:&quot;&quot;,&quot;size&quot;:&quot;&quot;},&quot;jet_parallax_layout_speed&quot;:{&quot;unit&quot;:&quot;%&quot;,&quot;size&quot;:50,&quot;sizes&quot;:[]},&quot;jet_parallax_layout_type&quot;:&quot;scroll&quot;,&quot;jet_parallax_layout_direction&quot;:null,&quot;jet_parallax_layout_fx_direction&quot;:null,&quot;jet_parallax_layout_z_index&quot;:&quot;&quot;,&quot;jet_parallax_layout_bg_x&quot;:50,&quot;jet_parallax_layout_bg_x_tablet&quot;:&quot;&quot;,&quot;jet_parallax_layout_bg_x_mobile&quot;:&quot;&quot;,&quot;jet_parallax_layout_bg_y&quot;:50,&quot;jet_parallax_layout_bg_y_tablet&quot;:&quot;&quot;,&quot;jet_parallax_layout_bg_y_mobile&quot;:&quot;&quot;,&quot;jet_parallax_layout_bg_size&quot;:&quot;auto&quot;,&quot;jet_parallax_layout_bg_size_tablet&quot;:&quot;&quot;,&quot;jet_parallax_layout_bg_size_mobile&quot;:&quot;&quot;,&quot;jet_parallax_layout_animation_prop&quot;:&quot;transform&quot;,&quot;jet_parallax_layout_on&quot;:[&quot;desktop&quot;,&quot;tablet&quot;]}]}\">\n\t\t\t\t\t\t<div class=\"elementor-container elementor-column-gap-default\">\n\t\t\t\t\t<div class=\"elementor-column elementor-col-50 elementor-top-column elementor-element elementor-element-ae6c2d3\" data-id=\"ae6c2d3\" data-element_type=\"column\" data-settings=\"{&quot;background_background&quot;:&quot;classic&quot;}\">\n\t\t\t<div class=\"elementor-widget-wrap elementor-element-populated\">\n\t\t\t\t\t\t<div class=\"elementor-element elementor-element-8acd6a0 elementor-widget elementor-widget-image\" data-id=\"8acd6a0\" data-element_type=\"widget\" data-widget_type=\"image.default\">\n\t\t\t\t<div class=\"elementor-widget-container\">\n\t\t\t\t\t\t\t\t\t\t\t\t\t\t\t<img fetchpriority=\"high\" decoding=\"async\" width=\"684\" height=\"1024\" src=\"https:\/\/new.camarerosfalsos.com\/wp-content\/uploads\/2025\/04\/Depositphotos_142823881_XL-684x1024.jpg\" class=\"attachment-large size-large wp-image-1069\" alt=\"\" srcset=\"https:\/\/new.camarerosfalsos.com\/wp-content\/uploads\/2025\/04\/Depositphotos_142823881_XL-684x1024.jpg 684w, https:\/\/new.camarerosfalsos.com\/wp-content\/uploads\/2025\/04\/Depositphotos_142823881_XL-200x300.jpg 200w, https:\/\/new.camarerosfalsos.com\/wp-content\/uploads\/2025\/04\/Depositphotos_142823881_XL-768x1150.jpg 768w, https:\/\/new.camarerosfalsos.com\/wp-content\/uploads\/2025\/04\/Depositphotos_142823881_XL-1025x1536.jpg 1025w, https:\/\/new.camarerosfalsos.com\/wp-content\/uploads\/2025\/04\/Depositphotos_142823881_XL-1367x2048.jpg 1367w, https:\/\/new.camarerosfalsos.com\/wp-content\/uploads\/2025\/04\/Depositphotos_142823881_XL-600x899.jpg 600w, https:\/\/new.camarerosfalsos.com\/wp-content\/uploads\/2025\/04\/Depositphotos_142823881_XL-scaled.jpg 1709w\" sizes=\"(max-width: 684px) 100vw, 684px\" \/>\t\t\t\t\t\t\t\t\t\t\t\t\t\t\t<\/div>\n\t\t\t\t<\/div>\n\t\t\t\t\t<\/div>\n\t\t<\/div>\n\t\t\t\t<div class=\"elementor-column elementor-col-50 elementor-top-column elementor-element elementor-element-0b052e7\" data-id=\"0b052e7\" data-element_type=\"column\">\n\t\t\t<div class=\"elementor-widget-wrap elementor-element-populated\">\n\t\t\t\t\t\t<div class=\"elementor-element elementor-element-86c2b91 elementor-widget elementor-widget-text-editor\" data-id=\"86c2b91\" data-element_type=\"widget\" data-widget_type=\"text-editor.default\">\n\t\t\t\t<div class=\"elementor-widget-container\">\n\t\t\t\t\t\t\t\t\t<p><span class=\"fontstyle0\">El web Camareros Falsos va n\u00e9ixer l&#8217;any 1998 a Granollers (Barcelona) de la m\u00e0 de l&#8217;ag\u00e8ncia especialitzada en espectacles \u201cMillors, esdeveniments a la carta \u00ae\u201d ara Punt Festa, quan un grup d&#8217;actors professionals de l&#8217;escena barcelonina va participar en l&#8217;animaci\u00f3 d&#8217;un casament civil.<br> Amb l&#8217;\u00e8xit d&#8217;aquest projecte, l&#8217;espectacle es va professionalitzar i es va incloure com a servei m\u00e9s per a esdeveniments, i aix\u00ed va poder infiltrar actors professionals en diferents celebracions.  <\/span><\/p><p><span class=\"fontstyle0\">Podem donar el toc d \u201chumor que faci trencar el gel en aquest comiat de soltera o soter en qu\u00e8 no sempre es coneixen tots, farem que al final de la vetllada tothom rigui juntament amb l\u201d homenatjat\/da.<\/span><\/p><p><strong>Accions que podem fer:  <\/strong><\/p><ul><li><span class=\"fontstyle0\"><strong>Cambrer Fals;<\/strong> Si l\u02bcesdeveniment es presta infiltrem cambrers falsos amb una actitud m\u00e9s picant, per animar l\u02bcambient.<br><\/span><\/li><li><span class=\"fontstyle0\"><strong>Cambrer Animador;<\/strong> Un cambrer que ja es veu d&#8217;entrada que no ha posat mai vi en una copa.  <br><\/span><\/li><li><span class=\"fontstyle0\"><strong>Cambrer\/a Sexy;<\/strong> Que et semblaria un Boy\/Girl de tota la vida per\u00f2 que a m\u00e9s de tenir un cos d&#8217;esc\u00e0ndol sigui monologuista graci\u00f3s\/ai sexy? Si voleu pot acabar fins i tot fent un striptease.<\/span><\/li><li><span class=\"fontstyle0\"><strong>Animador\/a;<\/strong> Tipus Bora-Bora amb jocs, xopets sexys\u2026 (sense stripteases).  <\/span><\/li><li><span class=\"fontstyle0\"><strong>Show miniBoy\/miniGirl;<\/strong> Disposem de personatges de 1,60cm per fer bromes o fins i tot stripteases!<\/span><\/li><li><span class=\"fontstyle0\"><strong>Strippers;<\/strong> Show professional de stripteases de la m\u00e0 de l&#8217;ag\u00e8ncia especialitzada N\u00ba1 actuacions a Barcelona o Madrid<\/span> <a href=\"http:\/\/www.StrippersBarcelona.com\"><span class=\"fontstyle0\">http:\/\/www.StrippersBarcelona.com<\/span><\/a> <span class=\"fontstyle0\">\/<\/span> <a href=\"http:\/\/www.StrippersMadrid.com\"><span class=\"fontstyle0\">http:\/\/www.StrippersMadrid.com<\/span><\/a><\/li><\/ul><p><span class=\"fontstyle0\">Expliqueu-nos la vostra idea i us donarem forma per convertir el vostre esdeveniment en un esdeveniment irrepetible.<\/span><\/p>\t\t\t\t\t\t\t\t<\/div>\n\t\t\t\t<\/div>\n\t\t\t\t\t<\/div>\n\t\t<\/div>\n\t\t\t\t\t<\/div>\n\t\t<\/section>\n\t\t\t\t<\/div>\n\t\t","protected":false},"excerpt":{"rendered":"<p>Comiats El web Camareros Falsos va n\u00e9ixer l&#8217;any 1998 a Granollers (Barcelona) de la m\u00e0 de l&#8217;ag\u00e8ncia especialitzada en espectacles \u201cMillors, esdeveniments a la carta \u00ae\u201d ara Punt Festa, quan un grup d&#8217;actors professionals de l&#8217;escena barcelonina va participar en l&#8217;animaci\u00f3 d&#8217;un casament civil. Amb l&#8217;\u00e8xit d&#8217;aquest projecte, l&#8217;espectacle es va professionalitzar i es va [&hellip;]<\/p>\n","protected":false},"author":1,"featured_media":0,"parent":1168,"menu_order":0,"comment_status":"closed","ping_status":"closed","template":"elementor_header_footer","meta":{"_joinchat":[],"footnotes":""},"class_list":["post-1167","page","type-page","status-publish","hentry"],"_links":{"self":[{"href":"https:\/\/new.camarerosfalsos.com\/ca\/wp-json\/wp\/v2\/pages\/1167","targetHints":{"allow":["GET"]}}],"collection":[{"href":"https:\/\/new.camarerosfalsos.com\/ca\/wp-json\/wp\/v2\/pages"}],"about":[{"href":"https:\/\/new.camarerosfalsos.com\/ca\/wp-json\/wp\/v2\/types\/page"}],"author":[{"embeddable":true,"href":"https:\/\/new.camarerosfalsos.com\/ca\/wp-json\/wp\/v2\/users\/1"}],"replies":[{"embeddable":true,"href":"https:\/\/new.camarerosfalsos.com\/ca\/wp-json\/wp\/v2\/comments?post=1167"}],"version-history":[{"count":2,"href":"https:\/\/new.camarerosfalsos.com\/ca\/wp-json\/wp\/v2\/pages\/1167\/revisions"}],"predecessor-version":[{"id":1206,"href":"https:\/\/new.camarerosfalsos.com\/ca\/wp-json\/wp\/v2\/pages\/1167\/revisions\/1206"}],"up":[{"embeddable":true,"href":"https:\/\/new.camarerosfalsos.com\/ca\/wp-json\/wp\/v2\/pages\/1168"}],"wp:attachment":[{"href":"https:\/\/new.camarerosfalsos.com\/ca\/wp-json\/wp\/v2\/media?parent=1167"}],"curies":[{"name":"wp","href":"https:\/\/api.w.org\/{rel}","templated":true}]}}