{"id":1165,"date":"2020-06-15T11:58:12","date_gmt":"2020-06-15T11:58:12","guid":{"rendered":"https:\/\/new.camarerosfalsos.com\/sopars-dempresa\/"},"modified":"2025-06-04T03:34:45","modified_gmt":"2025-06-04T03:34:45","slug":"sopars-dempresa","status":"publish","type":"page","link":"https:\/\/new.camarerosfalsos.com\/ca\/serveis\/sopars-dempresa\/","title":{"rendered":"Sopars d&#8217;Empresa"},"content":{"rendered":"\t\t<div data-elementor-type=\"wp-page\" data-elementor-id=\"1165\" class=\"elementor elementor-1165 elementor-784\" data-elementor-post-type=\"page\">\n\t\t\t\t\t\t<section class=\"elementor-section elementor-top-section elementor-element elementor-element-99adac4 elementor-section-boxed elementor-section-height-default elementor-section-height-default\" data-id=\"99adac4\" data-element_type=\"section\" data-settings=\"{&quot;jet_parallax_layout_list&quot;:[{&quot;jet_parallax_layout_image&quot;:{&quot;url&quot;:&quot;&quot;,&quot;id&quot;:&quot;&quot;,&quot;size&quot;:&quot;&quot;},&quot;_id&quot;:&quot;b37472e&quot;,&quot;jet_parallax_layout_image_tablet&quot;:{&quot;url&quot;:&quot;&quot;,&quot;id&quot;:&quot;&quot;,&quot;size&quot;:&quot;&quot;},&quot;jet_parallax_layout_image_mobile&quot;:{&quot;url&quot;:&quot;&quot;,&quot;id&quot;:&quot;&quot;,&quot;size&quot;:&quot;&quot;},&quot;jet_parallax_layout_speed&quot;:{&quot;unit&quot;:&quot;%&quot;,&quot;size&quot;:50,&quot;sizes&quot;:[]},&quot;jet_parallax_layout_type&quot;:&quot;scroll&quot;,&quot;jet_parallax_layout_direction&quot;:null,&quot;jet_parallax_layout_fx_direction&quot;:null,&quot;jet_parallax_layout_z_index&quot;:&quot;&quot;,&quot;jet_parallax_layout_bg_x&quot;:50,&quot;jet_parallax_layout_bg_x_tablet&quot;:&quot;&quot;,&quot;jet_parallax_layout_bg_x_mobile&quot;:&quot;&quot;,&quot;jet_parallax_layout_bg_y&quot;:50,&quot;jet_parallax_layout_bg_y_tablet&quot;:&quot;&quot;,&quot;jet_parallax_layout_bg_y_mobile&quot;:&quot;&quot;,&quot;jet_parallax_layout_bg_size&quot;:&quot;auto&quot;,&quot;jet_parallax_layout_bg_size_tablet&quot;:&quot;&quot;,&quot;jet_parallax_layout_bg_size_mobile&quot;:&quot;&quot;,&quot;jet_parallax_layout_animation_prop&quot;:&quot;transform&quot;,&quot;jet_parallax_layout_on&quot;:[&quot;desktop&quot;,&quot;tablet&quot;]}]}\">\n\t\t\t\t\t\t<div class=\"elementor-container elementor-column-gap-default\">\n\t\t\t\t\t<div class=\"elementor-column elementor-col-100 elementor-top-column elementor-element elementor-element-d26d01f\" data-id=\"d26d01f\" data-element_type=\"column\">\n\t\t\t<div class=\"elementor-widget-wrap elementor-element-populated\">\n\t\t\t\t\t\t<div class=\"elementor-element elementor-element-645bda0 elementor-widget elementor-widget-heading\" data-id=\"645bda0\" data-element_type=\"widget\" data-widget_type=\"heading.default\">\n\t\t\t\t<div class=\"elementor-widget-container\">\n\t\t\t\t\t<h1 class=\"elementor-heading-title elementor-size-default\">Sopars d'Empresa<\/h1>\t\t\t\t<\/div>\n\t\t\t\t<\/div>\n\t\t\t\t\t<\/div>\n\t\t<\/div>\n\t\t\t\t\t<\/div>\n\t\t<\/section>\n\t\t\t\t<section class=\"elementor-section elementor-top-section elementor-element elementor-element-6281971 elementor-section-boxed elementor-section-height-default elementor-section-height-default\" data-id=\"6281971\" data-element_type=\"section\" data-settings=\"{&quot;jet_parallax_layout_list&quot;:[{&quot;jet_parallax_layout_image&quot;:{&quot;url&quot;:&quot;&quot;,&quot;id&quot;:&quot;&quot;,&quot;size&quot;:&quot;&quot;},&quot;_id&quot;:&quot;57ea5b3&quot;,&quot;jet_parallax_layout_image_tablet&quot;:{&quot;url&quot;:&quot;&quot;,&quot;id&quot;:&quot;&quot;,&quot;size&quot;:&quot;&quot;},&quot;jet_parallax_layout_image_mobile&quot;:{&quot;url&quot;:&quot;&quot;,&quot;id&quot;:&quot;&quot;,&quot;size&quot;:&quot;&quot;},&quot;jet_parallax_layout_speed&quot;:{&quot;unit&quot;:&quot;%&quot;,&quot;size&quot;:50,&quot;sizes&quot;:[]},&quot;jet_parallax_layout_type&quot;:&quot;scroll&quot;,&quot;jet_parallax_layout_direction&quot;:null,&quot;jet_parallax_layout_fx_direction&quot;:null,&quot;jet_parallax_layout_z_index&quot;:&quot;&quot;,&quot;jet_parallax_layout_bg_x&quot;:50,&quot;jet_parallax_layout_bg_x_tablet&quot;:&quot;&quot;,&quot;jet_parallax_layout_bg_x_mobile&quot;:&quot;&quot;,&quot;jet_parallax_layout_bg_y&quot;:50,&quot;jet_parallax_layout_bg_y_tablet&quot;:&quot;&quot;,&quot;jet_parallax_layout_bg_y_mobile&quot;:&quot;&quot;,&quot;jet_parallax_layout_bg_size&quot;:&quot;auto&quot;,&quot;jet_parallax_layout_bg_size_tablet&quot;:&quot;&quot;,&quot;jet_parallax_layout_bg_size_mobile&quot;:&quot;&quot;,&quot;jet_parallax_layout_animation_prop&quot;:&quot;transform&quot;,&quot;jet_parallax_layout_on&quot;:[&quot;desktop&quot;,&quot;tablet&quot;]}]}\">\n\t\t\t\t\t\t<div class=\"elementor-container elementor-column-gap-default\">\n\t\t\t\t\t<div class=\"elementor-column elementor-col-50 elementor-top-column elementor-element elementor-element-ae6c2d3\" data-id=\"ae6c2d3\" data-element_type=\"column\" data-settings=\"{&quot;background_background&quot;:&quot;classic&quot;}\">\n\t\t\t<div class=\"elementor-widget-wrap elementor-element-populated\">\n\t\t\t\t\t\t<div class=\"elementor-element elementor-element-5eb5931 elementor-widget elementor-widget-image\" data-id=\"5eb5931\" data-element_type=\"widget\" data-widget_type=\"image.default\">\n\t\t\t\t<div class=\"elementor-widget-container\">\n\t\t\t\t\t\t\t\t\t\t\t\t\t\t\t<img fetchpriority=\"high\" decoding=\"async\" width=\"1024\" height=\"683\" src=\"https:\/\/new.camarerosfalsos.com\/wp-content\/uploads\/2025\/04\/Depositphotos_126735706_XL-1024x683.jpg\" class=\"attachment-large size-large wp-image-938\" alt=\"\" srcset=\"https:\/\/new.camarerosfalsos.com\/wp-content\/uploads\/2025\/04\/Depositphotos_126735706_XL-1024x683.jpg 1024w, https:\/\/new.camarerosfalsos.com\/wp-content\/uploads\/2025\/04\/Depositphotos_126735706_XL-300x200.jpg 300w, https:\/\/new.camarerosfalsos.com\/wp-content\/uploads\/2025\/04\/Depositphotos_126735706_XL-768x512.jpg 768w, https:\/\/new.camarerosfalsos.com\/wp-content\/uploads\/2025\/04\/Depositphotos_126735706_XL-1536x1024.jpg 1536w, https:\/\/new.camarerosfalsos.com\/wp-content\/uploads\/2025\/04\/Depositphotos_126735706_XL-600x400.jpg 600w, https:\/\/new.camarerosfalsos.com\/wp-content\/uploads\/2025\/04\/Depositphotos_126735706_XL.jpg 1920w\" sizes=\"(max-width: 1024px) 100vw, 1024px\" \/>\t\t\t\t\t\t\t\t\t\t\t\t\t\t\t<\/div>\n\t\t\t\t<\/div>\n\t\t\t\t\t<\/div>\n\t\t<\/div>\n\t\t\t\t<div class=\"elementor-column elementor-col-50 elementor-top-column elementor-element elementor-element-46298f0\" data-id=\"46298f0\" data-element_type=\"column\">\n\t\t\t<div class=\"elementor-widget-wrap elementor-element-populated\">\n\t\t\t\t\t\t<div class=\"elementor-element elementor-element-22a720e elementor-widget elementor-widget-text-editor\" data-id=\"22a720e\" data-element_type=\"widget\" data-widget_type=\"text-editor.default\">\n\t\t\t\t<div class=\"elementor-widget-container\">\n\t\t\t\t\t\t\t\t\t<p> <span class=\"fontstyle0\">Deixeu a les nostres mans l \u201corganitzaci\u00f3 del vostre sopar o dinar d\u201d empresa. Trobarem el restaurant que s \u201cadeq\u00fci millor al vostre perfil, la millor ubicaci\u00f3, el men\u00fa m\u00e9s adequat i l\u201d animaci\u00f3 que faci trencar el gel en aquest esdeveniment tan especial. Tamb\u00e9 podeu afegir el petit detall que faci que el vostre esdeveniment sigui \u00fanic:<\/span><\/p><p><strong><span class=\"fontstyle2\">\u2022<\/span><\/strong> <span class=\"fontstyle0\"><strong>Cambrers Falsos;<\/strong> Actors professionals infiltrats de cambrers per fer trencar a poc a poc el gel entre companys de feina.<br><\/span><strong><span class=\"fontstyle2\">\u2022<\/span><\/strong> <span class=\"fontstyle0\"><strong>Mag \/ Il\u00b7lusionista:<\/strong> La m\u00e0gia que a tothom agrada.<br><\/span><strong><span class=\"fontstyle2\">\u2022<\/span><\/strong> <span class=\"fontstyle0\"><strong>Monologuista:<\/strong> El poder de la paraula per transmetre bon rotllo.<br><\/span><strong><span class=\"fontstyle2\">\u2022  <\/span><\/strong><span class=\"fontstyle0\"><strong>Speaker:<\/strong> Animaci\u00f3 de lesdeveniment o simplement presentaci\u00f3 dun producte. Tamb\u00e9 us oferim la possibilitat d&#8217;una discoteca m\u00f2bil.<br><\/span><strong><span class=\"fontstyle2\">\u2022<\/span><\/strong> <span class=\"fontstyle0\"><strong>Personatges diversos:<\/strong> dragQueen, Monologuista, Strippers, Personatges Hollywood, PlayBack&#8217;s, tributs a artistes (Elvis, Marilyn\u2026) etc.<\/span><\/p><p><span class=\"fontstyle0\">Disposem a m\u00e9s de sopars col\u00b7lectius per a dies concrets a una immillorable relaci\u00f3 qualitat\/preu.<\/span> <span class=\"fontstyle0\">Consulti \u201cns<\/span> <span class=\"fontstyle0\">, expliqui\u201d ns la seva idea i li donarem forma per convertir el seu esdeveniment en un esdeveniment irrepetible.<\/span><\/p>\t\t\t\t\t\t\t\t<\/div>\n\t\t\t\t<\/div>\n\t\t\t\t\t<\/div>\n\t\t<\/div>\n\t\t\t\t\t<\/div>\n\t\t<\/section>\n\t\t\t\t<\/div>\n\t\t","protected":false},"excerpt":{"rendered":"<p>Sopars d&#8217;Empresa Deixeu a les nostres mans l \u201corganitzaci\u00f3 del vostre sopar o dinar d\u201d empresa. Trobarem el restaurant que s \u201cadeq\u00fci millor al vostre perfil, la millor ubicaci\u00f3, el men\u00fa m\u00e9s adequat i l\u201d animaci\u00f3 que faci trencar el gel en aquest esdeveniment tan especial. Tamb\u00e9 podeu afegir el petit detall que faci que [&hellip;]<\/p>\n","protected":false},"author":1,"featured_media":0,"parent":1168,"menu_order":0,"comment_status":"closed","ping_status":"closed","template":"elementor_header_footer","meta":{"_joinchat":[],"footnotes":""},"class_list":["post-1165","page","type-page","status-publish","hentry"],"_links":{"self":[{"href":"https:\/\/new.camarerosfalsos.com\/ca\/wp-json\/wp\/v2\/pages\/1165","targetHints":{"allow":["GET"]}}],"collection":[{"href":"https:\/\/new.camarerosfalsos.com\/ca\/wp-json\/wp\/v2\/pages"}],"about":[{"href":"https:\/\/new.camarerosfalsos.com\/ca\/wp-json\/wp\/v2\/types\/page"}],"author":[{"embeddable":true,"href":"https:\/\/new.camarerosfalsos.com\/ca\/wp-json\/wp\/v2\/users\/1"}],"replies":[{"embeddable":true,"href":"https:\/\/new.camarerosfalsos.com\/ca\/wp-json\/wp\/v2\/comments?post=1165"}],"version-history":[{"count":2,"href":"https:\/\/new.camarerosfalsos.com\/ca\/wp-json\/wp\/v2\/pages\/1165\/revisions"}],"predecessor-version":[{"id":1209,"href":"https:\/\/new.camarerosfalsos.com\/ca\/wp-json\/wp\/v2\/pages\/1165\/revisions\/1209"}],"up":[{"embeddable":true,"href":"https:\/\/new.camarerosfalsos.com\/ca\/wp-json\/wp\/v2\/pages\/1168"}],"wp:attachment":[{"href":"https:\/\/new.camarerosfalsos.com\/ca\/wp-json\/wp\/v2\/media?parent=1165"}],"curies":[{"name":"wp","href":"https:\/\/api.w.org\/{rel}","templated":true}]}}