{"id":1161,"date":"2020-06-15T11:59:25","date_gmt":"2020-06-15T11:59:25","guid":{"rendered":"https:\/\/new.camarerosfalsos.com\/actores-y-monologuistas\/"},"modified":"2025-06-04T03:34:50","modified_gmt":"2025-06-04T03:34:50","slug":"actores-y-monologuistas","status":"publish","type":"page","link":"https:\/\/new.camarerosfalsos.com\/ca\/serveis\/actores-y-monologuistas\/","title":{"rendered":"Actors i Monologuistes"},"content":{"rendered":"\t\t<div data-elementor-type=\"wp-page\" data-elementor-id=\"1161\" class=\"elementor elementor-1161 elementor-786\" data-elementor-post-type=\"page\">\n\t\t\t\t\t\t<section class=\"elementor-section elementor-top-section elementor-element elementor-element-99adac4 elementor-section-boxed elementor-section-height-default elementor-section-height-default\" data-id=\"99adac4\" data-element_type=\"section\" data-settings=\"{&quot;jet_parallax_layout_list&quot;:[{&quot;jet_parallax_layout_image&quot;:{&quot;url&quot;:&quot;&quot;,&quot;id&quot;:&quot;&quot;,&quot;size&quot;:&quot;&quot;},&quot;_id&quot;:&quot;b37472e&quot;,&quot;jet_parallax_layout_image_tablet&quot;:{&quot;url&quot;:&quot;&quot;,&quot;id&quot;:&quot;&quot;,&quot;size&quot;:&quot;&quot;},&quot;jet_parallax_layout_image_mobile&quot;:{&quot;url&quot;:&quot;&quot;,&quot;id&quot;:&quot;&quot;,&quot;size&quot;:&quot;&quot;},&quot;jet_parallax_layout_speed&quot;:{&quot;unit&quot;:&quot;%&quot;,&quot;size&quot;:50,&quot;sizes&quot;:[]},&quot;jet_parallax_layout_type&quot;:&quot;scroll&quot;,&quot;jet_parallax_layout_direction&quot;:null,&quot;jet_parallax_layout_fx_direction&quot;:null,&quot;jet_parallax_layout_z_index&quot;:&quot;&quot;,&quot;jet_parallax_layout_bg_x&quot;:50,&quot;jet_parallax_layout_bg_x_tablet&quot;:&quot;&quot;,&quot;jet_parallax_layout_bg_x_mobile&quot;:&quot;&quot;,&quot;jet_parallax_layout_bg_y&quot;:50,&quot;jet_parallax_layout_bg_y_tablet&quot;:&quot;&quot;,&quot;jet_parallax_layout_bg_y_mobile&quot;:&quot;&quot;,&quot;jet_parallax_layout_bg_size&quot;:&quot;auto&quot;,&quot;jet_parallax_layout_bg_size_tablet&quot;:&quot;&quot;,&quot;jet_parallax_layout_bg_size_mobile&quot;:&quot;&quot;,&quot;jet_parallax_layout_animation_prop&quot;:&quot;transform&quot;,&quot;jet_parallax_layout_on&quot;:[&quot;desktop&quot;,&quot;tablet&quot;]}]}\">\n\t\t\t\t\t\t<div class=\"elementor-container elementor-column-gap-default\">\n\t\t\t\t\t<div class=\"elementor-column elementor-col-100 elementor-top-column elementor-element elementor-element-d26d01f\" data-id=\"d26d01f\" data-element_type=\"column\">\n\t\t\t<div class=\"elementor-widget-wrap elementor-element-populated\">\n\t\t\t\t\t\t<div class=\"elementor-element elementor-element-645bda0 elementor-widget elementor-widget-heading\" data-id=\"645bda0\" data-element_type=\"widget\" data-widget_type=\"heading.default\">\n\t\t\t\t<div class=\"elementor-widget-container\">\n\t\t\t\t\t<h1 class=\"elementor-heading-title elementor-size-default\">Actors i Monologuistes<\/h1>\t\t\t\t<\/div>\n\t\t\t\t<\/div>\n\t\t\t\t\t<\/div>\n\t\t<\/div>\n\t\t\t\t\t<\/div>\n\t\t<\/section>\n\t\t\t\t<section class=\"elementor-section elementor-top-section elementor-element elementor-element-6281971 elementor-section-boxed elementor-section-height-default elementor-section-height-default\" data-id=\"6281971\" data-element_type=\"section\" data-settings=\"{&quot;jet_parallax_layout_list&quot;:[{&quot;jet_parallax_layout_image&quot;:{&quot;url&quot;:&quot;&quot;,&quot;id&quot;:&quot;&quot;,&quot;size&quot;:&quot;&quot;},&quot;_id&quot;:&quot;57ea5b3&quot;,&quot;jet_parallax_layout_image_tablet&quot;:{&quot;url&quot;:&quot;&quot;,&quot;id&quot;:&quot;&quot;,&quot;size&quot;:&quot;&quot;},&quot;jet_parallax_layout_image_mobile&quot;:{&quot;url&quot;:&quot;&quot;,&quot;id&quot;:&quot;&quot;,&quot;size&quot;:&quot;&quot;},&quot;jet_parallax_layout_speed&quot;:{&quot;unit&quot;:&quot;%&quot;,&quot;size&quot;:50,&quot;sizes&quot;:[]},&quot;jet_parallax_layout_type&quot;:&quot;scroll&quot;,&quot;jet_parallax_layout_direction&quot;:null,&quot;jet_parallax_layout_fx_direction&quot;:null,&quot;jet_parallax_layout_z_index&quot;:&quot;&quot;,&quot;jet_parallax_layout_bg_x&quot;:50,&quot;jet_parallax_layout_bg_x_tablet&quot;:&quot;&quot;,&quot;jet_parallax_layout_bg_x_mobile&quot;:&quot;&quot;,&quot;jet_parallax_layout_bg_y&quot;:50,&quot;jet_parallax_layout_bg_y_tablet&quot;:&quot;&quot;,&quot;jet_parallax_layout_bg_y_mobile&quot;:&quot;&quot;,&quot;jet_parallax_layout_bg_size&quot;:&quot;auto&quot;,&quot;jet_parallax_layout_bg_size_tablet&quot;:&quot;&quot;,&quot;jet_parallax_layout_bg_size_mobile&quot;:&quot;&quot;,&quot;jet_parallax_layout_animation_prop&quot;:&quot;transform&quot;,&quot;jet_parallax_layout_on&quot;:[&quot;desktop&quot;,&quot;tablet&quot;]}]}\">\n\t\t\t\t\t\t<div class=\"elementor-container elementor-column-gap-default\">\n\t\t\t\t\t<div class=\"elementor-column elementor-col-50 elementor-top-column elementor-element elementor-element-ae6c2d3\" data-id=\"ae6c2d3\" data-element_type=\"column\" data-settings=\"{&quot;background_background&quot;:&quot;classic&quot;}\">\n\t\t\t<div class=\"elementor-widget-wrap elementor-element-populated\">\n\t\t\t\t\t\t<div class=\"elementor-element elementor-element-d97a811 elementor-widget elementor-widget-image\" data-id=\"d97a811\" data-element_type=\"widget\" data-widget_type=\"image.default\">\n\t\t\t\t<div class=\"elementor-widget-container\">\n\t\t\t\t\t\t\t\t\t\t\t\t\t\t\t<img fetchpriority=\"high\" decoding=\"async\" width=\"1024\" height=\"692\" src=\"https:\/\/new.camarerosfalsos.com\/wp-content\/uploads\/2025\/04\/Depositphotos_44070379_XL-1024x692.jpg\" class=\"attachment-large size-large wp-image-948\" alt=\"\" srcset=\"https:\/\/new.camarerosfalsos.com\/wp-content\/uploads\/2025\/04\/Depositphotos_44070379_XL-1024x692.jpg 1024w, https:\/\/new.camarerosfalsos.com\/wp-content\/uploads\/2025\/04\/Depositphotos_44070379_XL-300x203.jpg 300w, https:\/\/new.camarerosfalsos.com\/wp-content\/uploads\/2025\/04\/Depositphotos_44070379_XL-768x519.jpg 768w, https:\/\/new.camarerosfalsos.com\/wp-content\/uploads\/2025\/04\/Depositphotos_44070379_XL-1536x1038.jpg 1536w, https:\/\/new.camarerosfalsos.com\/wp-content\/uploads\/2025\/04\/Depositphotos_44070379_XL-2048x1384.jpg 2048w, https:\/\/new.camarerosfalsos.com\/wp-content\/uploads\/2025\/04\/Depositphotos_44070379_XL-600x405.jpg 600w\" sizes=\"(max-width: 1024px) 100vw, 1024px\" \/>\t\t\t\t\t\t\t\t\t\t\t\t\t\t\t<\/div>\n\t\t\t\t<\/div>\n\t\t\t\t\t<\/div>\n\t\t<\/div>\n\t\t\t\t<div class=\"elementor-column elementor-col-50 elementor-top-column elementor-element elementor-element-5f0a517\" data-id=\"5f0a517\" data-element_type=\"column\">\n\t\t\t<div class=\"elementor-widget-wrap elementor-element-populated\">\n\t\t\t\t\t\t<div class=\"elementor-element elementor-element-48fdad0 elementor-widget elementor-widget-text-editor\" data-id=\"48fdad0\" data-element_type=\"widget\" data-widget_type=\"text-editor.default\">\n\t\t\t\t<div class=\"elementor-widget-container\">\n\t\t\t\t\t\t\t\t\t<p><span class=\"fontstyle0\">Li podem oferir una \u00e0mplia gamma de monologuistes, actors, actrius\u2026 Monologuistes que han treballat en clubs de com\u00e8dia professionals de la paraula i de la seducci\u00f3 que fa riure.<br> Actors i actrius; Deixeu el vostre esdeveniment, live-act o projecte en mans d&#8217;uns aut\u00e8ntics professionals del m\u00f3n del teatre i televisi\u00f3.<br> Els nostres actors amb \u00e0mplia experi\u00e8ncia en obres de teatre, s\u00e8ries de televisi\u00f3 i espots publicitaris s\u00f3n capa\u00e7os de fer qualsevol paper, aprendre qualsevol gui\u00f3 o infiltrar-se en qualsevol esdeveniment.<\/span><\/p><p><span class=\"fontstyle0\">Expliqueu-nos la vostra idea o projecte i us donarem forma per convertir el vostre esdeveniment en un esdeveniment irrepetible.<\/span><\/p>\t\t\t\t\t\t\t\t<\/div>\n\t\t\t\t<\/div>\n\t\t\t\t\t<\/div>\n\t\t<\/div>\n\t\t\t\t\t<\/div>\n\t\t<\/section>\n\t\t\t\t<\/div>\n\t\t","protected":false},"excerpt":{"rendered":"<p>Actors i Monologuistes Li podem oferir una \u00e0mplia gamma de monologuistes, actors, actrius\u2026 Monologuistes que han treballat en clubs de com\u00e8dia professionals de la paraula i de la seducci\u00f3 que fa riure. Actors i actrius; Deixeu el vostre esdeveniment, live-act o projecte en mans d&#8217;uns aut\u00e8ntics professionals del m\u00f3n del teatre i televisi\u00f3. Els nostres [&hellip;]<\/p>\n","protected":false},"author":1,"featured_media":0,"parent":1168,"menu_order":0,"comment_status":"closed","ping_status":"closed","template":"elementor_header_footer","meta":{"_joinchat":[],"footnotes":""},"class_list":["post-1161","page","type-page","status-publish","hentry"],"_links":{"self":[{"href":"https:\/\/new.camarerosfalsos.com\/ca\/wp-json\/wp\/v2\/pages\/1161","targetHints":{"allow":["GET"]}}],"collection":[{"href":"https:\/\/new.camarerosfalsos.com\/ca\/wp-json\/wp\/v2\/pages"}],"about":[{"href":"https:\/\/new.camarerosfalsos.com\/ca\/wp-json\/wp\/v2\/types\/page"}],"author":[{"embeddable":true,"href":"https:\/\/new.camarerosfalsos.com\/ca\/wp-json\/wp\/v2\/users\/1"}],"replies":[{"embeddable":true,"href":"https:\/\/new.camarerosfalsos.com\/ca\/wp-json\/wp\/v2\/comments?post=1161"}],"version-history":[{"count":3,"href":"https:\/\/new.camarerosfalsos.com\/ca\/wp-json\/wp\/v2\/pages\/1161\/revisions"}],"predecessor-version":[{"id":1213,"href":"https:\/\/new.camarerosfalsos.com\/ca\/wp-json\/wp\/v2\/pages\/1161\/revisions\/1213"}],"up":[{"embeddable":true,"href":"https:\/\/new.camarerosfalsos.com\/ca\/wp-json\/wp\/v2\/pages\/1168"}],"wp:attachment":[{"href":"https:\/\/new.camarerosfalsos.com\/ca\/wp-json\/wp\/v2\/media?parent=1161"}],"curies":[{"name":"wp","href":"https:\/\/api.w.org\/{rel}","templated":true}]}}